{"id":1383,"date":"2019-12-20T13:23:23","date_gmt":"2019-12-20T15:53:23","guid":{"rendered":"http:\/\/mariellebennezon.com\/?page_id=1383"},"modified":"2021-09-26T15:03:20","modified_gmt":"2021-09-26T17:33:20","slug":"presentation","status":"publish","type":"page","link":"https:\/\/mariellebennezon.com\/?page_id=1383","title":{"rendered":"Pr\u00e9sentation"},"content":{"rendered":"\n<p>       A travers des \u00ab&nbsp;rencontres fortuites&nbsp;\u00bb de mat\u00e9riaux, de ph\u00e9nom\u00e8nes \u00e0 observer, je donne \u00e0 voir l\u2019inattendu, le d\u00e9tail signifiant, qui encourage le spectateur \u00e0 porter un regard r\u00e9flexif sur le monde qui l\u2019entoure, et \u00e0 d\u00e9passer, voire \u00e0 d\u00e9construire les codes \u00e9pist\u00e9mologiques de la repr\u00e9sentation ou tout au moins les r\u00e9interroger.<\/p>\n\n\n\n<p>       Les protocoles d\u2019exp\u00e9riences mis en \u0153uvre d\u00e9tournent r\u00e9guli\u00e8rement l\u2019ex\u00e9cution traditionnelle. Le processus de cr\u00e9ation s\u2019appuie tr\u00e8s souvent sur l\u2019al\u00e9atoire et devient de fait l\u2019objet de pr\u00e9sentation.&nbsp;<\/p>\n\n\n\n<p>       Le choix des mat\u00e9riaux, leur origine, leur collecte, leur pr\u00e9sentation, les mises en valeur des processus utilis\u00e9s incitent \u00e0 les envisager diff\u00e9remment, \u00e0 rechercher ce qui se cache derri\u00e8re les attendus.<\/p>\n\n\n\n<p>      Absorbant ce qui m\u2019entoure, je presse cette r\u00e9alit\u00e9 pour permettre l\u2019\u00e9coulement de ce qui est essentiel.<\/p>\n","protected":false},"excerpt":{"rendered":"<p>A travers des \u00ab&nbsp;rencontres fortuites&nbsp;\u00bb de mat\u00e9riaux, de ph\u00e9nom\u00e8nes \u00e0 observer, je donne \u00e0 voir l\u2019inattendu, le d\u00e9tail signifiant, qui encourage le spectateur \u00e0 porter un regard r\u00e9flexif sur le monde qui l\u2019entoure, et \u00e0 d\u00e9passer, voire \u00e0 d\u00e9construire les codes \u00e9pist\u00e9mologiques de la repr\u00e9sentation ou tout au moins les r\u00e9interroger. Les protocoles d\u2019exp\u00e9riences mis [&hellip;]<\/p>\n","protected":false},"author":1,"featured_media":0,"parent":0,"menu_order":0,"comment_status":"closed","ping_status":"closed","template":"","meta":{"footnotes":""},"class_list":["post-1383","page","type-page","status-publish","hentry","missing-thumbnail"],"_links":{"self":[{"href":"https:\/\/mariellebennezon.com\/index.php?rest_route=\/wp\/v2\/pages\/1383","targetHints":{"allow":["GET"]}}],"collection":[{"href":"https:\/\/mariellebennezon.com\/index.php?rest_route=\/wp\/v2\/pages"}],"about":[{"href":"https:\/\/mariellebennezon.com\/index.php?rest_route=\/wp\/v2\/types\/page"}],"author":[{"embeddable":true,"href":"https:\/\/mariellebennezon.com\/index.php?rest_route=\/wp\/v2\/users\/1"}],"replies":[{"embeddable":true,"href":"https:\/\/mariellebennezon.com\/index.php?rest_route=%2Fwp%2Fv2%2Fcomments&post=1383"}],"version-history":[{"count":5,"href":"https:\/\/mariellebennezon.com\/index.php?rest_route=\/wp\/v2\/pages\/1383\/revisions"}],"predecessor-version":[{"id":1669,"href":"https:\/\/mariellebennezon.com\/index.php?rest_route=\/wp\/v2\/pages\/1383\/revisions\/1669"}],"wp:attachment":[{"href":"https:\/\/mariellebennezon.com\/index.php?rest_route=%2Fwp%2Fv2%2Fmedia&parent=1383"}],"curies":[{"name":"wp","href":"https:\/\/api.w.org\/{rel}","templated":true}]}}